{"id":2706,"date":"2023-03-13T18:05:42","date_gmt":"2023-03-13T21:05:42","guid":{"rendered":"https:\/\/cappuccio.com.br\/?post_type=product&#038;p=2706"},"modified":"2024-10-29T21:21:10","modified_gmt":"2024-10-30T00:21:10","slug":"ampola-power-gold-cappuccio-15ml","status":"publish","type":"product","link":"https:\/\/cappuccio.com.br\/index.php\/product\/ampola-power-gold-cappuccio-15ml\/","title":{"rendered":"Ampola Power Gold Cappuccio 15ml"},"content":{"rendered":"<p>Ampola Power Gold Cappuccio 15ml<\/p>\n<p>Est\u00e1 \u00e9 a queridinha da vez, indicada para tratar cabelos, ressecados, desnutridos, sem brilho, agredidos por processos qu\u00edmicos, chapinha, secador e agress\u00f5es externas como sol, \u00e1gua quente, \u00e1gua com cloro, etc&#8230;<\/p>\n<p>\u2022 Atua na prote\u00e7\u00e3o contra o ressecamento.<br \/>\n\u2022 Possui nutri\u00e7\u00e3o avan\u00e7ada.<br \/>\n\u2022 Brilho e luminosidade.<br \/>\n\u2022 Disciplinante.<br \/>\n\u2022 Controlador do frizz.<br \/>\n\u2022 Anti-inflamat\u00f3rio.<br \/>\n\u2022 Fungicida.<br \/>\n\u2022 Antibacteriano.<br \/>\n\u2022 Antioxidante.<br \/>\n\u2022 Cicatrizante.<br \/>\n\u2022 Hidratante.<br \/>\n\u2022 Emoliente.<br \/>\n\u2022 Lubrificante.<br \/>\n\u2022 Regenerador.<\/p>\n<p>Em um recipiente n\u00e3o met\u00e1lico adicione 5ml da ampola em 20ml de \u00e1gua, misture at\u00e9 adquirir consist\u00eancia de creme, depois \u00e9 s\u00f3 aplicar nos fios \u00famidos, enluvar mecha \u00e1 mecha e deixar agir por 5 minutinhos, enxaguar todo o produto ap\u00f3s o tempo de pausa e finalizar como desejar.<\/p>\n","protected":false},"excerpt":{"rendered":"<p>Ampola Power Gold Cappuccio 15ml<\/p>\n<p>Est\u00e1 \u00e9 a queridinha da vez, indicada para tratar cabelos, ressecados, desnutridos, sem brilho, agredidos por processos qu\u00edmicos, chapinha, secador e agress\u00f5es externas como sol, \u00e1gua quente, \u00e1gua com cloro, etc&#8230;<\/p>\n","protected":false},"featured_media":2707,"comment_status":"open","ping_status":"closed","template":"","meta":[],"product_cat":[140,144],"product_tag":[],"_links":{"self":[{"href":"https:\/\/cappuccio.com.br\/index.php\/wp-json\/wp\/v2\/product\/2706"}],"collection":[{"href":"https:\/\/cappuccio.com.br\/index.php\/wp-json\/wp\/v2\/product"}],"about":[{"href":"https:\/\/cappuccio.com.br\/index.php\/wp-json\/wp\/v2\/types\/product"}],"replies":[{"embeddable":true,"href":"https:\/\/cappuccio.com.br\/index.php\/wp-json\/wp\/v2\/comments?post=2706"}],"wp:featuredmedia":[{"embeddable":true,"href":"https:\/\/cappuccio.com.br\/index.php\/wp-json\/wp\/v2\/media\/2707"}],"wp:attachment":[{"href":"https:\/\/cappuccio.com.br\/index.php\/wp-json\/wp\/v2\/media?parent=2706"}],"wp:term":[{"taxonomy":"product_cat","embeddable":true,"href":"https:\/\/cappuccio.com.br\/index.php\/wp-json\/wp\/v2\/product_cat?post=2706"},{"taxonomy":"product_tag","embeddable":true,"href":"https:\/\/cappuccio.com.br\/index.php\/wp-json\/wp\/v2\/product_tag?post=2706"}],"curies":[{"name":"wp","href":"https:\/\/api.w.org\/{rel}","templated":true}]}}