{"id":2703,"date":"2023-03-13T17:50:24","date_gmt":"2023-03-13T20:50:24","guid":{"rendered":"https:\/\/cappuccio.com.br\/?post_type=product&#038;p=2703"},"modified":"2024-10-29T21:21:53","modified_gmt":"2024-10-30T00:21:53","slug":"kit-power-monovit","status":"publish","type":"product","link":"https:\/\/cappuccio.com.br\/index.php\/product\/kit-power-monovit\/","title":{"rendered":"Kit Power Monovit"},"content":{"rendered":"<p>O kit POWER MONOVIT A CAPPUCCIO \u00e9 um complexo multi-vitam\u00ednico com alta concentra\u00e7\u00e3o de vitaminas para queda de cabelo, incluindo vitamina B5 Panthenol e Pro A que intensifica o crescimento capilar. Kit Fortificante Capilar Monovit, penetra nos fios e proporciona um tratamento intenso ao couro cabeludo e ao fio da raiz at\u00e9 as pontas. \u00c9 um excelente FORTIFICANTE CAPILAR, ACELERADOR DO CRESCIMENTO e ANTIQUEDA! \u00c9 indicado especialmente para prevenir o<br \/>\nenvelhecimento do cabelo, proporcionando crescimento natural e saud\u00e1vel al\u00e9m de ser antioleosidade cicatrizante e anticaspa.<\/p>\n","protected":false},"excerpt":{"rendered":"<p>O kit POWER MONOVIT A CAPPUCCIO \u00e9 um complexo multi-vitam\u00ednico com alta concentra\u00e7\u00e3o de vitaminas para queda de cabelo, incluindo vitamina B5 Panthenol e Pro A que intensifica o crescimento capilar. Kit Fortificante Capilar Monovit, penetra nos fios e proporciona um tratamento intenso ao couro cabeludo e ao fio da raiz at\u00e9 as pontas. \u00c9 um excelente FORTIFICANTE CAPILAR, ACELERADOR DO CRESCIMENTO e ANTIQUEDA! \u00c9 indicado especialmente para prevenir o<br \/>\nenvelhecimento do cabelo, proporcionando crescimento natural e saud\u00e1vel al\u00e9m de ser antioleosidade cicatrizante e anticaspa.<\/p>\n<p>Shampoo Power Monovit 500ml<\/p>\n<p>Mascara Power Monovit 500gr<\/p>\n<p>T\u00f4nico Power Monovit<\/p>\n","protected":false},"featured_media":2705,"comment_status":"open","ping_status":"closed","template":"","meta":[],"product_cat":[140,144],"product_tag":[],"_links":{"self":[{"href":"https:\/\/cappuccio.com.br\/index.php\/wp-json\/wp\/v2\/product\/2703"}],"collection":[{"href":"https:\/\/cappuccio.com.br\/index.php\/wp-json\/wp\/v2\/product"}],"about":[{"href":"https:\/\/cappuccio.com.br\/index.php\/wp-json\/wp\/v2\/types\/product"}],"replies":[{"embeddable":true,"href":"https:\/\/cappuccio.com.br\/index.php\/wp-json\/wp\/v2\/comments?post=2703"}],"wp:featuredmedia":[{"embeddable":true,"href":"https:\/\/cappuccio.com.br\/index.php\/wp-json\/wp\/v2\/media\/2705"}],"wp:attachment":[{"href":"https:\/\/cappuccio.com.br\/index.php\/wp-json\/wp\/v2\/media?parent=2703"}],"wp:term":[{"taxonomy":"product_cat","embeddable":true,"href":"https:\/\/cappuccio.com.br\/index.php\/wp-json\/wp\/v2\/product_cat?post=2703"},{"taxonomy":"product_tag","embeddable":true,"href":"https:\/\/cappuccio.com.br\/index.php\/wp-json\/wp\/v2\/product_tag?post=2703"}],"curies":[{"name":"wp","href":"https:\/\/api.w.org\/{rel}","templated":true}]}}