{"id":2699,"date":"2023-03-13T17:37:35","date_gmt":"2023-03-13T20:37:35","guid":{"rendered":"https:\/\/cappuccio.com.br\/?post_type=product&#038;p=2699"},"modified":"2024-10-29T21:22:21","modified_gmt":"2024-10-30T00:22:21","slug":"kit-caviar-cappuccio","status":"publish","type":"product","link":"https:\/\/cappuccio.com.br\/index.php\/product\/kit-caviar-cappuccio\/","title":{"rendered":"Kit Caviar Cappuccio"},"content":{"rendered":"<p>O kit CAVIAR CAPPUCCIO \u00e9 indicado para cabelos normais a oleosos, alisados quimicamente ou em transi\u00e7\u00e3o.<\/p>\n<p>Desenvolvido com tecnologia de ponta, a linha Caviar da Cappuccio Professional \u00e9 ideal para fios agredidos por agentes externos como sol, calor, chapinha e secador ou que passaram por processos qu\u00edmicos como alisamento e redu\u00e7\u00e3o de volume.<\/p>\n<p>Sua combina\u00e7\u00e3o de Manteiga de karit\u00e9, Extrato de Caviar e \u00d3leo de Coco garantem que os fios recuperem os nutrientes perdidos durante os tratamentos sem deixa-los oleosos, promovendo fios muito mais saud\u00e1veis, resistentes, macios e<br \/>\nbrilhantes.<\/p>\n","protected":false},"excerpt":{"rendered":"<div dir=\"auto\">Kit Sensation<\/div>\n<div dir=\"auto\"><\/div>\n<div dir=\"auto\">\u00a0Shampoo Caviar Cappuccio<span class=\"mark1rqfsnkkk\" data-markjs=\"true\" data-ogac=\"\" data-ogab=\"\" data-ogsc=\"\" data-ogsb=\"\"> 500ml<\/span><\/div>\n<div dir=\"auto\"><\/div>\n<div dir=\"auto\">M\u00e1scara Caviar<span class=\"mark1rqfsnkkk\" data-markjs=\"true\" data-ogac=\"\" data-ogab=\"\" data-ogsc=\"\" data-ogsb=\"\">\u00a0500gr<\/span><\/div>\n<div dir=\"auto\"><\/div>\n<div dir=\"auto\">Condicionador Caviar 500ml<\/div>\n<div dir=\"auto\"><\/div>\n<div dir=\"auto\">A linha Caviar \u00e9 perfeita para cabelos normais a oleosos, grossos e volumosos.<\/div>\n","protected":false},"featured_media":2700,"comment_status":"open","ping_status":"closed","template":"","meta":[],"product_cat":[140,144],"product_tag":[],"_links":{"self":[{"href":"https:\/\/cappuccio.com.br\/index.php\/wp-json\/wp\/v2\/product\/2699"}],"collection":[{"href":"https:\/\/cappuccio.com.br\/index.php\/wp-json\/wp\/v2\/product"}],"about":[{"href":"https:\/\/cappuccio.com.br\/index.php\/wp-json\/wp\/v2\/types\/product"}],"replies":[{"embeddable":true,"href":"https:\/\/cappuccio.com.br\/index.php\/wp-json\/wp\/v2\/comments?post=2699"}],"wp:featuredmedia":[{"embeddable":true,"href":"https:\/\/cappuccio.com.br\/index.php\/wp-json\/wp\/v2\/media\/2700"}],"wp:attachment":[{"href":"https:\/\/cappuccio.com.br\/index.php\/wp-json\/wp\/v2\/media?parent=2699"}],"wp:term":[{"taxonomy":"product_cat","embeddable":true,"href":"https:\/\/cappuccio.com.br\/index.php\/wp-json\/wp\/v2\/product_cat?post=2699"},{"taxonomy":"product_tag","embeddable":true,"href":"https:\/\/cappuccio.com.br\/index.php\/wp-json\/wp\/v2\/product_tag?post=2699"}],"curies":[{"name":"wp","href":"https:\/\/api.w.org\/{rel}","templated":true}]}}