{"id":2694,"date":"2023-03-13T17:27:56","date_gmt":"2023-03-13T20:27:56","guid":{"rendered":"https:\/\/cappuccio.com.br\/?post_type=product&#038;p=2694"},"modified":"2024-10-29T21:22:45","modified_gmt":"2024-10-30T00:22:45","slug":"kit-sensation-cappuccio","status":"publish","type":"product","link":"https:\/\/cappuccio.com.br\/index.php\/product\/kit-sensation-cappuccio\/","title":{"rendered":"Kit Sensation Cappuccio"},"content":{"rendered":"<div dir=\"auto\">kit SENSATION<\/div>\n<div dir=\"auto\"><\/div>\n<div dir=\"auto\">O Shampoo da linha SENSATION \u00e9 composto por uma poderosa f\u00f3rmula a base de \u00f3leo de argan, extrato de rubus, \u00f3leo de buriti, pantenol, vitamina D, Vitamina A, e extrato de morango. que juntos proporcionam uma limpeza suave, com alta hidrata\u00e7\u00e3o, reconstru\u00e7\u00e3o, brilho e vivacidade.<\/div>\n<div dir=\"auto\"><\/div>\n<div dir=\"auto\">A M\u00e1scara da linha SENSATION foi desenvolvida com uma preciosa f\u00f3rmula a base de queratina hidrolizada, extrato de rubus, e extrato de morango que com sua poderosa a\u00e7\u00e3o emoliente proporciona extrema restaura\u00e7\u00e3o com hidrata\u00e7\u00e3o, brilho e vivacidade.<\/div>\n<div dir=\"auto\"><\/div>\n<div dir=\"auto\">O Leave-in da linha SENSATION foi desenvolvido com uma poderosa f\u00f3rmula a base de \u00f3leo de argan, extrato de morango, manteiga de murumuru, \u00f3leo de buriti e extrato de caviar. que nutre suaviza , define e modela, controlando o frizz dos cabelos volumosos e indisciplinados durante todo o dia.<\/div>\n<div dir=\"auto\"><\/div>\n<div dir=\"auto\">\u00a0A linha SENSATION \u00e9 perfeita para todos os tipos de cabelo e oferece diversos benef\u00edcios al\u00e9m da fragr\u00e2ncia marcante que traz um mix de sensa\u00e7\u00f5es.<\/div>\n","protected":false},"excerpt":{"rendered":"<div dir=\"auto\">Kit Sensation<\/div>\n<div dir=\"auto\"><\/div>\n<div dir=\"auto\">\u00a0Shampoo Sensation<span class=\"mark1rqfsnkkk\" data-markjs=\"true\" data-ogac=\"\" data-ogab=\"\" data-ogsc=\"\" data-ogsb=\"\">\u00a0300ml<\/span><\/div>\n<div dir=\"auto\"><\/div>\n<div dir=\"auto\">M\u00e1scara Sensation<span class=\"mark1rqfsnkkk\" data-markjs=\"true\" data-ogac=\"\" data-ogab=\"\" data-ogsc=\"\" data-ogsb=\"\">\u00a0300gr<\/span><\/div>\n<div dir=\"auto\"><\/div>\n<div dir=\"auto\">Finalizador Leave-in 21 in 1 Sensation\u00a0300ml<\/div>\n<div dir=\"auto\"><\/div>\n<div dir=\"auto\">A linha SENSATION \u00e9 perfeita para nutrir todos os tipos de cabelo e oferece diversos benef\u00edcios al\u00e9m da fragr\u00e2ncia marcante que traz um mix de sensa\u00e7\u00f5es.<\/div>\n","protected":false},"featured_media":2695,"comment_status":"open","ping_status":"closed","template":"","meta":[],"product_cat":[140,144],"product_tag":[],"_links":{"self":[{"href":"https:\/\/cappuccio.com.br\/index.php\/wp-json\/wp\/v2\/product\/2694"}],"collection":[{"href":"https:\/\/cappuccio.com.br\/index.php\/wp-json\/wp\/v2\/product"}],"about":[{"href":"https:\/\/cappuccio.com.br\/index.php\/wp-json\/wp\/v2\/types\/product"}],"replies":[{"embeddable":true,"href":"https:\/\/cappuccio.com.br\/index.php\/wp-json\/wp\/v2\/comments?post=2694"}],"wp:featuredmedia":[{"embeddable":true,"href":"https:\/\/cappuccio.com.br\/index.php\/wp-json\/wp\/v2\/media\/2695"}],"wp:attachment":[{"href":"https:\/\/cappuccio.com.br\/index.php\/wp-json\/wp\/v2\/media?parent=2694"}],"wp:term":[{"taxonomy":"product_cat","embeddable":true,"href":"https:\/\/cappuccio.com.br\/index.php\/wp-json\/wp\/v2\/product_cat?post=2694"},{"taxonomy":"product_tag","embeddable":true,"href":"https:\/\/cappuccio.com.br\/index.php\/wp-json\/wp\/v2\/product_tag?post=2694"}],"curies":[{"name":"wp","href":"https:\/\/api.w.org\/{rel}","templated":true}]}}