{"id":2689,"date":"2023-03-13T17:12:51","date_gmt":"2023-03-13T20:12:51","guid":{"rendered":"https:\/\/cappuccio.com.br\/?post_type=product&#038;p=2689"},"modified":"2024-10-29T21:23:35","modified_gmt":"2024-10-30T00:23:35","slug":"kit-balance-cappuccio","status":"publish","type":"product","link":"https:\/\/cappuccio.com.br\/index.php\/product\/kit-balance-cappuccio\/","title":{"rendered":"Kit Balance Cappuccio"},"content":{"rendered":"<div dir=\"auto\">Kit\u00a0<span class=\"mark1rqfsnkkk\" data-markjs=\"true\" data-ogac=\"\" data-ogab=\"\" data-ogsc=\"\" data-ogsb=\"\">BALANCE<\/span><\/div>\n<div dir=\"auto\"><\/div>\n<div dir=\"auto\">O Shampoo da linha\u00a0<span class=\"mark1rqfsnkkk\" data-markjs=\"true\" data-ogac=\"\" data-ogab=\"\" data-ogsc=\"\" data-ogsb=\"\">BALANCE<\/span>\u00a0foi desenvolvido para reconstruir e reequilibrar o pH dos fios \u00e9 composto por uma preciosa f\u00f3rmula \u00e0 base de manteiga de karit\u00e9, \u00f3leos amaz\u00f4nicos, \u00f3leo de buriti que com seus poderosos agentes reconstrutores proporcionam uma limpeza controlada com reconstru\u00e7\u00e3o, nutri\u00e7\u00e3o e suaviza\u00e7\u00e3o da fibra capilar.<\/div>\n<div dir=\"auto\"><\/div>\n<div dir=\"auto\">A M\u00e1scara da linha\u00a0<span class=\"mark1rqfsnkkk\" data-markjs=\"true\" data-ogac=\"\" data-ogab=\"\" data-ogsc=\"\" data-ogsb=\"\">BALANCE<\/span>\u00a0foi desenvolvida com uma poderosa f\u00f3rmula a base de manteiga de karit\u00e9, \u00f3leos amaz\u00f4nicos, \u00f3leo de argan, e \u00f3leo de buriti que proporcionam extrema restaura\u00e7\u00e3o, vitalidade, e fortalecimento dos fios recuperando a vivacidade do cabelo.<\/div>\n<div dir=\"auto\"><\/div>\n<div dir=\"auto\">O finalizador 21 in 1 da linha\u00a0<span class=\"mark1rqfsnkkk\" data-markjs=\"true\" data-ogac=\"\" data-ogab=\"\" data-ogsc=\"\" data-ogsb=\"\">BALANCE<\/span>\u00a0foi desenvolvido com uma poderosa f\u00f3rmula a base de manteiga de karit\u00e9, \u00f3leos amaz\u00f4nicos, \u00f3leo de argan, e \u00f3leo de buriti que recupera a sa\u00fade do cabelo e proporciona uma finaliza\u00e7\u00e3o perfeita modelando o cabelo e previnindo o frizz.<\/div>\n<div dir=\"auto\"><\/div>\n<div dir=\"auto\">A linha\u00a0<span class=\"mark1rqfsnkkk\" data-markjs=\"true\" data-ogac=\"\" data-ogab=\"\" data-ogsc=\"\" data-ogsb=\"\">BALANCE<\/span>\u00a0\u00e9 ideal para cabelos que passaram por processos qu\u00edmicos e necessitam reequilibrar o pH e de reconstru\u00e7\u00e3o.<\/div>\n","protected":false},"excerpt":{"rendered":"<div dir=\"auto\">Kit\u00a0<span class=\"mark1rqfsnkkk\" data-markjs=\"true\" data-ogac=\"\" data-ogab=\"\" data-ogsc=\"\" data-ogsb=\"\">BALANCE<\/span><\/div>\n<div dir=\"auto\"><\/div>\n<div dir=\"auto\">\u00a0Shampoo <span class=\"mark1rqfsnkkk\" data-markjs=\"true\" data-ogac=\"\" data-ogab=\"\" data-ogsc=\"\" data-ogsb=\"\">BALANCE 300ml<\/span><\/div>\n<div dir=\"auto\"><\/div>\n<div dir=\"auto\">M\u00e1scara <span class=\"mark1rqfsnkkk\" data-markjs=\"true\" data-ogac=\"\" data-ogab=\"\" data-ogsc=\"\" data-ogsb=\"\">BALANCE 300gr<\/span><\/div>\n<div dir=\"auto\"><\/div>\n<div dir=\"auto\">Finalizador Leave-in 21 in 1 <span class=\"mark1rqfsnkkk\" data-markjs=\"true\" data-ogac=\"\" data-ogab=\"\" data-ogsc=\"\" data-ogsb=\"\">BALANCE<\/span> 300ml<\/div>\n<div dir=\"auto\"><\/div>\n<div dir=\"auto\">A linha\u00a0<span class=\"mark1rqfsnkkk\" data-markjs=\"true\" data-ogac=\"\" data-ogab=\"\" data-ogsc=\"\" data-ogsb=\"\">BALANCE<\/span>\u00a0\u00e9 ideal para cabelos que passaram por processos qu\u00edmicos e necessitam reequilibrar o pH e de reconstru\u00e7\u00e3o.<\/div>\n","protected":false},"featured_media":2690,"comment_status":"open","ping_status":"closed","template":"","meta":[],"product_cat":[140,144],"product_tag":[],"_links":{"self":[{"href":"https:\/\/cappuccio.com.br\/index.php\/wp-json\/wp\/v2\/product\/2689"}],"collection":[{"href":"https:\/\/cappuccio.com.br\/index.php\/wp-json\/wp\/v2\/product"}],"about":[{"href":"https:\/\/cappuccio.com.br\/index.php\/wp-json\/wp\/v2\/types\/product"}],"replies":[{"embeddable":true,"href":"https:\/\/cappuccio.com.br\/index.php\/wp-json\/wp\/v2\/comments?post=2689"}],"wp:featuredmedia":[{"embeddable":true,"href":"https:\/\/cappuccio.com.br\/index.php\/wp-json\/wp\/v2\/media\/2690"}],"wp:attachment":[{"href":"https:\/\/cappuccio.com.br\/index.php\/wp-json\/wp\/v2\/media?parent=2689"}],"wp:term":[{"taxonomy":"product_cat","embeddable":true,"href":"https:\/\/cappuccio.com.br\/index.php\/wp-json\/wp\/v2\/product_cat?post=2689"},{"taxonomy":"product_tag","embeddable":true,"href":"https:\/\/cappuccio.com.br\/index.php\/wp-json\/wp\/v2\/product_tag?post=2689"}],"curies":[{"name":"wp","href":"https:\/\/api.w.org\/{rel}","templated":true}]}}