{"id":2684,"date":"2023-03-13T16:30:41","date_gmt":"2023-03-13T19:30:41","guid":{"rendered":"https:\/\/cappuccio.com.br\/?post_type=product&#038;p=2684"},"modified":"2024-10-29T21:24:23","modified_gmt":"2024-10-30T00:24:23","slug":"botox-blond-cappuccio-1kg","status":"publish","type":"product","link":"https:\/\/cappuccio.com.br\/index.php\/product\/botox-blond-cappuccio-1kg\/","title":{"rendered":"Botox Blond Cappuccio 1kg"},"content":{"rendered":"<p>O Botox Matizador Cappuccio 1kg \u00e9 composto por um blend de pigmentos violetas que auxiliam na manuten\u00e7\u00e3o dos tons platinados e corrige tons amarelados. Melhora a absor\u00e7\u00e3o de nutrientes proporcionando maior hidrata\u00e7\u00e3o e brilho aos fios. possui ativos responsaveis pela forma\u00e7\u00e3o de uma nova cadeia proteica junto ao cimento intracelular do cortex. Reduz o volume, reconstr\u00f3i e hidrata profundamente sem causar nenhum dano aos cabelos. Sua formula \u00e9 de f\u00e1cil aplica\u00e7\u00e3o o que garante \u00f3timo rendimento, deixando os cabelos lisos, reconstru\u00eddos e hidratados.<\/p>\n","protected":false},"excerpt":{"rendered":"<p>O Botox Matizador Cappuccio 1kg \u00e9 composto por um blend de pigmentos violetas que auxiliam na manuten\u00e7\u00e3o dos tons platinados e corrige tons amarelados. Melhora a absor\u00e7\u00e3o de nutrientes proporcionando maior hidrata\u00e7\u00e3o e brilho aos fios. possui ativos responsaveis pela forma\u00e7\u00e3o de uma nova cadeia proteica junto ao cimento intracelular do cortex. Reduz o volume, reconstr\u00f3i e hidrata profundamente sem causar nenhum dano aos cabelos. Sua formula \u00e9 de f\u00e1cil aplica\u00e7\u00e3o o que garante \u00f3timo rendimento, deixando os cabelos lisos, reconstru\u00eddos e hidratados.<\/p>\n","protected":false},"featured_media":2683,"comment_status":"open","ping_status":"closed","template":"","meta":[],"product_cat":[156],"product_tag":[],"_links":{"self":[{"href":"https:\/\/cappuccio.com.br\/index.php\/wp-json\/wp\/v2\/product\/2684"}],"collection":[{"href":"https:\/\/cappuccio.com.br\/index.php\/wp-json\/wp\/v2\/product"}],"about":[{"href":"https:\/\/cappuccio.com.br\/index.php\/wp-json\/wp\/v2\/types\/product"}],"replies":[{"embeddable":true,"href":"https:\/\/cappuccio.com.br\/index.php\/wp-json\/wp\/v2\/comments?post=2684"}],"wp:featuredmedia":[{"embeddable":true,"href":"https:\/\/cappuccio.com.br\/index.php\/wp-json\/wp\/v2\/media\/2683"}],"wp:attachment":[{"href":"https:\/\/cappuccio.com.br\/index.php\/wp-json\/wp\/v2\/media?parent=2684"}],"wp:term":[{"taxonomy":"product_cat","embeddable":true,"href":"https:\/\/cappuccio.com.br\/index.php\/wp-json\/wp\/v2\/product_cat?post=2684"},{"taxonomy":"product_tag","embeddable":true,"href":"https:\/\/cappuccio.com.br\/index.php\/wp-json\/wp\/v2\/product_tag?post=2684"}],"curies":[{"name":"wp","href":"https:\/\/api.w.org\/{rel}","templated":true}]}}