{"id":2678,"date":"2023-03-13T16:10:16","date_gmt":"2023-03-13T19:10:16","guid":{"rendered":"https:\/\/cappuccio.com.br\/?post_type=product&#038;p=2678"},"modified":"2024-10-29T21:24:58","modified_gmt":"2024-10-30T00:24:58","slug":"botox-wite-cappuccio-1kg","status":"publish","type":"product","link":"https:\/\/cappuccio.com.br\/index.php\/product\/botox-wite-cappuccio-1kg\/","title":{"rendered":"Botox Wite Cappuccio 1kg"},"content":{"rendered":"<p>O Botox White Cappuccio 1kg \u00e9 a mais nova tecnologia relacionada a reconstru\u00e7\u00e3o intermolecular instant\u00e2nea, desenvolvido com ativos de alta tecnologia \u00e9 especifico para auxiliar o processo de reconstru\u00e7\u00e3o, reposi\u00e7\u00e3o de massa, selamento e alinhamento dos fios. possui cor branca.<\/p>\n","protected":false},"excerpt":{"rendered":"<p>O Botox Wite Cappuccio 1kg \u00e9 a mais nova tecnologia relacionada a reconstru\u00e7\u00e3o intermolecular instant\u00e2nea, desenvolvido com ativos de alta tecnologia \u00e9 especifico para auxiliar o processo de reconstru\u00e7\u00e3o, reposi\u00e7\u00e3o de massa, selamento e alinhamento dos fios . possui cor branca.<\/p>\n","protected":false},"featured_media":2682,"comment_status":"open","ping_status":"closed","template":"","meta":[],"product_cat":[156],"product_tag":[],"_links":{"self":[{"href":"https:\/\/cappuccio.com.br\/index.php\/wp-json\/wp\/v2\/product\/2678"}],"collection":[{"href":"https:\/\/cappuccio.com.br\/index.php\/wp-json\/wp\/v2\/product"}],"about":[{"href":"https:\/\/cappuccio.com.br\/index.php\/wp-json\/wp\/v2\/types\/product"}],"replies":[{"embeddable":true,"href":"https:\/\/cappuccio.com.br\/index.php\/wp-json\/wp\/v2\/comments?post=2678"}],"wp:featuredmedia":[{"embeddable":true,"href":"https:\/\/cappuccio.com.br\/index.php\/wp-json\/wp\/v2\/media\/2682"}],"wp:attachment":[{"href":"https:\/\/cappuccio.com.br\/index.php\/wp-json\/wp\/v2\/media?parent=2678"}],"wp:term":[{"taxonomy":"product_cat","embeddable":true,"href":"https:\/\/cappuccio.com.br\/index.php\/wp-json\/wp\/v2\/product_cat?post=2678"},{"taxonomy":"product_tag","embeddable":true,"href":"https:\/\/cappuccio.com.br\/index.php\/wp-json\/wp\/v2\/product_tag?post=2678"}],"curies":[{"name":"wp","href":"https:\/\/api.w.org\/{rel}","templated":true}]}}