{"id":2677,"date":"2023-03-13T16:04:58","date_gmt":"2023-03-13T19:04:58","guid":{"rendered":"https:\/\/cappuccio.com.br\/?post_type=product&#038;p=2677"},"modified":"2024-10-29T21:25:22","modified_gmt":"2024-10-30T00:25:22","slug":"shampoo-anti-residuos-cleaner-essence-1l-cappuccio-ph-8-9","status":"publish","type":"product","link":"https:\/\/cappuccio.com.br\/index.php\/product\/shampoo-anti-residuos-cleaner-essence-1l-cappuccio-ph-8-9\/","title":{"rendered":"Shampoo Anti-res\u00edduos Cleaner Essence 1L Cappuccio pH 8-9"},"content":{"rendered":"<p>Desenvolvido com tecnologia exclusiva o shampoo Cleaner Essence ph 8-9 Cappuccio possui uma f\u00f3rmula exclusiva com nanoativos que dilatam as cut\u00edculas dos fios, promovendo uma limpeza profunda do n\u00facleo capilar, possui pH 8-9 que \u00e9 indicado para abertura total das cut\u00edculas\u00a0 sendo indicado principalmente para o uso preparat\u00f3rio para aplica\u00e7\u00e3o de Progressivas ou Botox.<\/p>\n","protected":false},"excerpt":{"rendered":"<p>Desenvolvido com tecnologia exclusiva o shampoo Cleaner Essence ph 8-9 Cappuccio possui uma f\u00f3rmula exclusiva com nanoativos que dilatam as cut\u00edculas dos fios, promovendo uma limpeza profunda do n\u00facleo capilar, possui pH 8-9 que \u00e9 indicado para abertura total das cut\u00edculas\u00a0 sendo indicado principalmente para o uso preparat\u00f3rio para aplica\u00e7\u00e3o de Progressivas ou Botox.<\/p>\n","protected":false},"featured_media":2676,"comment_status":"open","ping_status":"closed","template":"","meta":[],"product_cat":[156],"product_tag":[],"_links":{"self":[{"href":"https:\/\/cappuccio.com.br\/index.php\/wp-json\/wp\/v2\/product\/2677"}],"collection":[{"href":"https:\/\/cappuccio.com.br\/index.php\/wp-json\/wp\/v2\/product"}],"about":[{"href":"https:\/\/cappuccio.com.br\/index.php\/wp-json\/wp\/v2\/types\/product"}],"replies":[{"embeddable":true,"href":"https:\/\/cappuccio.com.br\/index.php\/wp-json\/wp\/v2\/comments?post=2677"}],"wp:featuredmedia":[{"embeddable":true,"href":"https:\/\/cappuccio.com.br\/index.php\/wp-json\/wp\/v2\/media\/2676"}],"wp:attachment":[{"href":"https:\/\/cappuccio.com.br\/index.php\/wp-json\/wp\/v2\/media?parent=2677"}],"wp:term":[{"taxonomy":"product_cat","embeddable":true,"href":"https:\/\/cappuccio.com.br\/index.php\/wp-json\/wp\/v2\/product_cat?post=2677"},{"taxonomy":"product_tag","embeddable":true,"href":"https:\/\/cappuccio.com.br\/index.php\/wp-json\/wp\/v2\/product_tag?post=2677"}],"curies":[{"name":"wp","href":"https:\/\/api.w.org\/{rel}","templated":true}]}}