{"id":2659,"date":"2023-02-20T10:05:41","date_gmt":"2023-02-20T13:05:41","guid":{"rendered":"https:\/\/cappuccio.com.br\/?post_type=product&#038;p=2659"},"modified":"2024-10-29T21:27:30","modified_gmt":"2024-10-30T00:27:30","slug":"emulsao-reveladora-ox-30-volumes-1l-colorare-cappuccio","status":"publish","type":"product","link":"https:\/\/cappuccio.com.br\/index.php\/product\/emulsao-reveladora-ox-30-volumes-1l-colorare-cappuccio\/","title":{"rendered":"Emuls\u00e3o Reveladora OX 30 Volumes 1L Colorare Cappuccio"},"content":{"rendered":"<p>A Emuls\u00e3o Reveladora Colorare Cappuccio \u00e9 cremosa e estabilizada rica em lip\u00eddeos e prote\u00ednas que formam uma mistura homog\u00eanea, por ser estabilizada permite uma perfeita revela\u00e7\u00e3o dos pigmentos, com precis\u00e3o do resultado obtido e maior durabilidade da cor.<\/p>\n","protected":false},"excerpt":{"rendered":"<p>A Emuls\u00e3o Reveladora Colorare Cappuccio \u00e9 cremosa e estabilizada rica em lip\u00eddeos e prote\u00ednas que formam uma mistura homog\u00eanea, por ser estabilizada permite uma perfeita revela\u00e7\u00e3o dos pigmentos, com precis\u00e3o do resultado obtido e maior durabilidade da cor.<\/p>\n","protected":false},"featured_media":2660,"comment_status":"open","ping_status":"closed","template":"","meta":[],"product_cat":[155],"product_tag":[147,153,148,149,152,150,151],"_links":{"self":[{"href":"https:\/\/cappuccio.com.br\/index.php\/wp-json\/wp\/v2\/product\/2659"}],"collection":[{"href":"https:\/\/cappuccio.com.br\/index.php\/wp-json\/wp\/v2\/product"}],"about":[{"href":"https:\/\/cappuccio.com.br\/index.php\/wp-json\/wp\/v2\/types\/product"}],"replies":[{"embeddable":true,"href":"https:\/\/cappuccio.com.br\/index.php\/wp-json\/wp\/v2\/comments?post=2659"}],"wp:featuredmedia":[{"embeddable":true,"href":"https:\/\/cappuccio.com.br\/index.php\/wp-json\/wp\/v2\/media\/2660"}],"wp:attachment":[{"href":"https:\/\/cappuccio.com.br\/index.php\/wp-json\/wp\/v2\/media?parent=2659"}],"wp:term":[{"taxonomy":"product_cat","embeddable":true,"href":"https:\/\/cappuccio.com.br\/index.php\/wp-json\/wp\/v2\/product_cat?post=2659"},{"taxonomy":"product_tag","embeddable":true,"href":"https:\/\/cappuccio.com.br\/index.php\/wp-json\/wp\/v2\/product_tag?post=2659"}],"curies":[{"name":"wp","href":"https:\/\/api.w.org\/{rel}","templated":true}]}}