{"id":2609,"date":"2022-09-19T18:54:45","date_gmt":"2022-09-19T21:54:45","guid":{"rendered":"https:\/\/cappuccio.com.br\/?post_type=product&#038;p=2609"},"modified":"2024-10-29T21:30:30","modified_gmt":"2024-10-30T00:30:30","slug":"shine-30ml-2em1-spray-de-brilho-e-perfume-capilar","status":"publish","type":"product","link":"https:\/\/cappuccio.com.br\/index.php\/product\/shine-30ml-2em1-spray-de-brilho-e-perfume-capilar\/","title":{"rendered":"Shine 30ml (2em1 Spray de Brilho e Perfume Capilar)"},"content":{"rendered":"<p>SHINE CAPPUCCIO \u00e9 um produto com muitos benef\u00edcios: perfuma, ilumina, anti-frizz, protetor t\u00e9rmico e envolve virtualmente qualquer penteado com a sensualidade de um aroma incr\u00edvel. Bastam poucas borrifadas do SHINE CAPPUCCIO e seu cabelo estar\u00e1 iluminado e delicadamente perfumado durante todo o dia, deixando um rastro ultra feminino e sedutor.<\/p>\n","protected":false},"excerpt":{"rendered":"<p>SHINE CAPPUCCIO \u00e9 um produto com muitos benef\u00edcios: perfuma, ilumina, anti-frizz, protetor t\u00e9rmico e envolve virtualmente qualquer penteado com a sensualidade de um aroma incr\u00edvel. Bastam poucas borrifadas do SHINE CAPPUCCIO e seu cabelo estar\u00e1 iluminado e delicadamente perfumado durante todo o dia, deixando um rastro ultra feminino e sedutor.<\/p>\n","protected":false},"featured_media":2610,"comment_status":"open","ping_status":"closed","template":"","meta":[],"product_cat":[154],"product_tag":[],"_links":{"self":[{"href":"https:\/\/cappuccio.com.br\/index.php\/wp-json\/wp\/v2\/product\/2609"}],"collection":[{"href":"https:\/\/cappuccio.com.br\/index.php\/wp-json\/wp\/v2\/product"}],"about":[{"href":"https:\/\/cappuccio.com.br\/index.php\/wp-json\/wp\/v2\/types\/product"}],"replies":[{"embeddable":true,"href":"https:\/\/cappuccio.com.br\/index.php\/wp-json\/wp\/v2\/comments?post=2609"}],"wp:featuredmedia":[{"embeddable":true,"href":"https:\/\/cappuccio.com.br\/index.php\/wp-json\/wp\/v2\/media\/2610"}],"wp:attachment":[{"href":"https:\/\/cappuccio.com.br\/index.php\/wp-json\/wp\/v2\/media?parent=2609"}],"wp:term":[{"taxonomy":"product_cat","embeddable":true,"href":"https:\/\/cappuccio.com.br\/index.php\/wp-json\/wp\/v2\/product_cat?post=2609"},{"taxonomy":"product_tag","embeddable":true,"href":"https:\/\/cappuccio.com.br\/index.php\/wp-json\/wp\/v2\/product_tag?post=2609"}],"curies":[{"name":"wp","href":"https:\/\/api.w.org\/{rel}","templated":true}]}}