{"id":2607,"date":"2022-09-19T18:52:05","date_gmt":"2022-09-19T21:52:05","guid":{"rendered":"https:\/\/cappuccio.com.br\/?post_type=product&#038;p=2607"},"modified":"2024-10-29T21:30:52","modified_gmt":"2024-10-30T00:30:52","slug":"reparador-de-pontas-argan-30ml-cappuccio","status":"publish","type":"product","link":"https:\/\/cappuccio.com.br\/index.php\/product\/reparador-de-pontas-argan-30ml-cappuccio\/","title":{"rendered":"Reparador de Pontas Argan 30ml Cappuccio"},"content":{"rendered":"<p>O Reparador de Pontas Argan Cappuccio promove brilho, suavidade e redu\u00e7\u00e3o do frizz de forma duradoura. Possui f\u00f3rmula luxuosa que protege os fios do calor de at\u00e9 230\u00baC e reduz as pontas duplas.<\/p>\n<p>Argan Cappuccio texturiza os fios de forma a conferir maleabilidade, leveza, disciplina e luminosidade sem deixar res\u00edduos. Estimula o sensorial ao unir toque sedoso \u00e0 fragr\u00e2ncia envolvente.<\/p>\n","protected":false},"excerpt":{"rendered":"<p>O Reparador de Pontas Argan Cappuccio promove brilho, suavidade e redu\u00e7\u00e3o do frizz de forma duradoura. Possui f\u00f3rmula luxuosa que protege os fios do calor de at\u00e9 230\u00baC e reduz as pontas duplas.<\/p>\n<p>Argan Cappuccio texturiza os fios de forma a conferir maleabilidade, leveza, disciplina e luminosidade sem deixar res\u00edduos. Estimula o sensorial ao unir toque sedoso \u00e0 fragr\u00e2ncia envolvente.<\/p>\n","protected":false},"featured_media":2608,"comment_status":"open","ping_status":"closed","template":"","meta":[],"product_cat":[154],"product_tag":[],"_links":{"self":[{"href":"https:\/\/cappuccio.com.br\/index.php\/wp-json\/wp\/v2\/product\/2607"}],"collection":[{"href":"https:\/\/cappuccio.com.br\/index.php\/wp-json\/wp\/v2\/product"}],"about":[{"href":"https:\/\/cappuccio.com.br\/index.php\/wp-json\/wp\/v2\/types\/product"}],"replies":[{"embeddable":true,"href":"https:\/\/cappuccio.com.br\/index.php\/wp-json\/wp\/v2\/comments?post=2607"}],"wp:featuredmedia":[{"embeddable":true,"href":"https:\/\/cappuccio.com.br\/index.php\/wp-json\/wp\/v2\/media\/2608"}],"wp:attachment":[{"href":"https:\/\/cappuccio.com.br\/index.php\/wp-json\/wp\/v2\/media?parent=2607"}],"wp:term":[{"taxonomy":"product_cat","embeddable":true,"href":"https:\/\/cappuccio.com.br\/index.php\/wp-json\/wp\/v2\/product_cat?post=2607"},{"taxonomy":"product_tag","embeddable":true,"href":"https:\/\/cappuccio.com.br\/index.php\/wp-json\/wp\/v2\/product_tag?post=2607"}],"curies":[{"name":"wp","href":"https:\/\/api.w.org\/{rel}","templated":true}]}}