{"id":2601,"date":"2022-09-19T18:32:11","date_gmt":"2022-09-19T21:32:11","guid":{"rendered":"https:\/\/cappuccio.com.br\/?post_type=product&#038;p=2601"},"modified":"2024-10-29T21:31:46","modified_gmt":"2024-10-30T00:31:46","slug":"finalizador-spray-prioritario-sos-recover-250ml","status":"publish","type":"product","link":"https:\/\/cappuccio.com.br\/index.php\/product\/finalizador-spray-prioritario-sos-recover-250ml\/","title":{"rendered":"Finalizador Spray Priorit\u00e1rio SOS Recover 250ml"},"content":{"rendered":"<p>O Spray Priorit\u00e1rio SOS Recover \u00e9 um finalizador sem enx\u00e1gue, mult benef\u00edcios, proporciona restaura\u00e7\u00e3o ultra profunda<br \/>\ncom textura suave, incr\u00edvel defini\u00e7\u00e3o, modela\u00e7\u00e3o, maleabilidade, anti-frizz. Tamb\u00e9m trabalha como inibidor de cheiro protegendo o cabelo contra odores externos como fuma\u00e7a de cigarro e comida. Indicado para todos os tipos de cabelos<br \/>\ncom uma performance superior em cabelos secos e quebradi\u00e7os, funciona muito bem como tratamento de reconstru\u00e7\u00e3o e reparador de pontas. Protege os fios contra a agress\u00e3o causada pelo sol e qu\u00edmicas da \u00e1gua, al\u00e9m de possuir uma fragr\u00e2ncia especial.<br \/>\nPrincipais ativos: Extrato De Caviar, \u00e1cido c\u00edtrico, Col\u00e1geno, Panthenol, \u00d3leos Essenciais.<\/p>\n","protected":false},"excerpt":{"rendered":"<p>O Spray Priorit\u00e1rio SOS Recover \u00e9 um finalizador sem enx\u00e1gue, mult benef\u00edcios, proporciona restaura\u00e7\u00e3o ultra profunda<br \/>\ncom textura suave, incr\u00edvel defini\u00e7\u00e3o, modela\u00e7\u00e3o, maleabilidade, anti-frizz. Tamb\u00e9m trabalha como inibidor de cheiro protegendo o cabelo contra odores externos como fuma\u00e7a de cigarro e comida. Indicado para todos os tipos de cabelos<br \/>\ncom uma performance superior em cabelos secos e quebradi\u00e7os, funciona muito bem como tratamento de reconstru\u00e7\u00e3o e reparador de pontas. Protege os fios contra a agress\u00e3o causada pelo sol e qu\u00edmicas da \u00e1gua, al\u00e9m de possuir uma fragr\u00e2ncia especial.<br \/>\nPrincipais ativos: Extrato De Caviar, \u00e1cido c\u00edtrico, Col\u00e1geno, Panthenol, \u00d3leos Essenciais.<\/p>\n","protected":false},"featured_media":2602,"comment_status":"open","ping_status":"closed","template":"","meta":[],"product_cat":[154],"product_tag":[],"_links":{"self":[{"href":"https:\/\/cappuccio.com.br\/index.php\/wp-json\/wp\/v2\/product\/2601"}],"collection":[{"href":"https:\/\/cappuccio.com.br\/index.php\/wp-json\/wp\/v2\/product"}],"about":[{"href":"https:\/\/cappuccio.com.br\/index.php\/wp-json\/wp\/v2\/types\/product"}],"replies":[{"embeddable":true,"href":"https:\/\/cappuccio.com.br\/index.php\/wp-json\/wp\/v2\/comments?post=2601"}],"wp:featuredmedia":[{"embeddable":true,"href":"https:\/\/cappuccio.com.br\/index.php\/wp-json\/wp\/v2\/media\/2602"}],"wp:attachment":[{"href":"https:\/\/cappuccio.com.br\/index.php\/wp-json\/wp\/v2\/media?parent=2601"}],"wp:term":[{"taxonomy":"product_cat","embeddable":true,"href":"https:\/\/cappuccio.com.br\/index.php\/wp-json\/wp\/v2\/product_cat?post=2601"},{"taxonomy":"product_tag","embeddable":true,"href":"https:\/\/cappuccio.com.br\/index.php\/wp-json\/wp\/v2\/product_tag?post=2601"}],"curies":[{"name":"wp","href":"https:\/\/api.w.org\/{rel}","templated":true}]}}