{"id":2575,"date":"2022-07-17T22:00:19","date_gmt":"2022-07-18T01:00:19","guid":{"rendered":"https:\/\/cappuccio.com.br\/?post_type=product&#038;p=2575"},"modified":"2024-10-29T21:32:41","modified_gmt":"2024-10-30T00:32:41","slug":"kit-recovery","status":"publish","type":"product","link":"https:\/\/cappuccio.com.br\/index.php\/product\/kit-recovery\/","title":{"rendered":"kit Recovery Cappuccio"},"content":{"rendered":"<p>O kit Recovery Cappuccio tem como<br \/>\nprincipais ativos o Extrato de Caviar, \u00c1cido<br \/>\nL\u00e1tico e Queratina Hidrolisada que agem em<br \/>\nconjunto para promover uma eficiente<br \/>\nreposi\u00e7\u00e3o h\u00eddrica, nutri\u00e7\u00e3o, regenera\u00e7\u00e3o, e<br \/>\npreenchimento do fol\u00edculo capilar.<\/p>\n<p>Shampoo 300ml<\/p>\n<p>Condicionador 300ml<\/p>\n<p>Mascara 300gr<\/p>\n","protected":false},"excerpt":{"rendered":"<p>O kit Recovery Cappuccio tem como<br \/>\nprincipais ativos o Extrato de Caviar, \u00c1cido<br \/>\nL\u00e1tico e Queratina Hidrolisada que agem em<br \/>\nconjunto para promover uma eficiente<br \/>\nreposi\u00e7\u00e3o h\u00eddrica, nutri\u00e7\u00e3o, regenera\u00e7\u00e3o, e<br \/>\npreenchimento do fol\u00edculo capilar.<\/p>\n","protected":false},"featured_media":2576,"comment_status":"open","ping_status":"closed","template":"","meta":[],"product_cat":[140],"product_tag":[],"_links":{"self":[{"href":"https:\/\/cappuccio.com.br\/index.php\/wp-json\/wp\/v2\/product\/2575"}],"collection":[{"href":"https:\/\/cappuccio.com.br\/index.php\/wp-json\/wp\/v2\/product"}],"about":[{"href":"https:\/\/cappuccio.com.br\/index.php\/wp-json\/wp\/v2\/types\/product"}],"replies":[{"embeddable":true,"href":"https:\/\/cappuccio.com.br\/index.php\/wp-json\/wp\/v2\/comments?post=2575"}],"wp:featuredmedia":[{"embeddable":true,"href":"https:\/\/cappuccio.com.br\/index.php\/wp-json\/wp\/v2\/media\/2576"}],"wp:attachment":[{"href":"https:\/\/cappuccio.com.br\/index.php\/wp-json\/wp\/v2\/media?parent=2575"}],"wp:term":[{"taxonomy":"product_cat","embeddable":true,"href":"https:\/\/cappuccio.com.br\/index.php\/wp-json\/wp\/v2\/product_cat?post=2575"},{"taxonomy":"product_tag","embeddable":true,"href":"https:\/\/cappuccio.com.br\/index.php\/wp-json\/wp\/v2\/product_tag?post=2575"}],"curies":[{"name":"wp","href":"https:\/\/api.w.org\/{rel}","templated":true}]}}