{"id":2508,"date":"2022-05-31T11:28:31","date_gmt":"2022-05-31T14:28:31","guid":{"rendered":"http:\/\/cappuccio.com.br\/?post_type=product&#038;p=2508"},"modified":"2024-10-29T21:41:32","modified_gmt":"2024-10-30T00:41:32","slug":"coloracao-2-0-preto-azulado-60gr-cappuccio-professional","status":"publish","type":"product","link":"https:\/\/cappuccio.com.br\/index.php\/product\/coloracao-2-0-preto-azulado-60gr-cappuccio-professional\/","title":{"rendered":"Colora\u00e7\u00e3o 2.0 Preto Azulado 60gr Cappuccio Professional"},"content":{"rendered":"<p>COLORA\u00c7\u00c3O CAPPUCCIO 60GR &#8211; USO PROFISSIONAL<\/p>\n<p>Colora\u00e7\u00e3o cremosa com baix\u00edssimo teor de am\u00f4nia, contem nano part\u00edculas de pigmentos que proporciona 100% de cobertura nos cabelos brancos. Enriquecida com microfilamento de queratina, \u00f3leo de linha\u00e7a e prote\u00edna da seda\u00a0que agregam tratamento ao processo de colora\u00e7\u00e3o. Possui vermelhos puros, vibrantes e duradouros, al\u00e9m de loiros incr\u00edveis.<\/p>\n","protected":false},"excerpt":{"rendered":"<p>A Colora\u00e7\u00e3o CAPUUCCIO PROFESSIONAL\u00a0\u00e9 enriquecida com \u00f3leo de linha\u00e7a, prote\u00edna da seda e queratina que hidratam e auxiliam no fortalecimento dos fios proporcionando\u00a0\u00a0100% de\u00a0cobertura dos brancos\u00a0com brilho e durabilidade enquanto protege o cabelo durante o uso com emoli\u00eancia\u00a0e umecta\u00e7\u00e3o. Os pigmentos da Colora\u00e7\u00e3o CAPPUCCIO PROFESSIONAL s\u00e3o resistentes \u00e0 luz e \u00e0s lavagens dos fios, o que garante\u00a0prote\u00e7\u00e3o contra o desbotamento\u00a0e intensidade at\u00e9 o\u00a0pr\u00f3ximo retoque da raiz.<\/p>\n","protected":false},"featured_media":2509,"comment_status":"open","ping_status":"closed","template":"","meta":[],"product_cat":[146],"product_tag":[147,153,148,149,152,150,151],"_links":{"self":[{"href":"https:\/\/cappuccio.com.br\/index.php\/wp-json\/wp\/v2\/product\/2508"}],"collection":[{"href":"https:\/\/cappuccio.com.br\/index.php\/wp-json\/wp\/v2\/product"}],"about":[{"href":"https:\/\/cappuccio.com.br\/index.php\/wp-json\/wp\/v2\/types\/product"}],"replies":[{"embeddable":true,"href":"https:\/\/cappuccio.com.br\/index.php\/wp-json\/wp\/v2\/comments?post=2508"}],"wp:featuredmedia":[{"embeddable":true,"href":"https:\/\/cappuccio.com.br\/index.php\/wp-json\/wp\/v2\/media\/2509"}],"wp:attachment":[{"href":"https:\/\/cappuccio.com.br\/index.php\/wp-json\/wp\/v2\/media?parent=2508"}],"wp:term":[{"taxonomy":"product_cat","embeddable":true,"href":"https:\/\/cappuccio.com.br\/index.php\/wp-json\/wp\/v2\/product_cat?post=2508"},{"taxonomy":"product_tag","embeddable":true,"href":"https:\/\/cappuccio.com.br\/index.php\/wp-json\/wp\/v2\/product_tag?post=2508"}],"curies":[{"name":"wp","href":"https:\/\/api.w.org\/{rel}","templated":true}]}}